{"id":97,"date":"2016-08-19T11:14:12","date_gmt":"2016-08-19T09:14:12","guid":{"rendered":"https:\/\/www.nounou-sete.com\/?page_id=97"},"modified":"2023-07-06T15:51:05","modified_gmt":"2023-07-06T13:51:05","slug":"lieu-daccueil","status":"publish","type":"page","link":"https:\/\/www.nounou-sete.com\/index.php\/lieu-daccueil\/","title":{"rendered":"Lieu d&rsquo;accueil"},"content":{"rendered":"<p style=\"text-align: justify;\">Mon lieu d&rsquo;accueil de 80 m\u00b2 en rez de jardin se situe au Triolet au sein d&rsquo;une r\u00e9sidence calme, facilement accessible et ne pr\u00e9sente aucunes difficult\u00e9s pour se garer afin d&rsquo;amener et r\u00e9cup\u00e9rer votre enfant.<\/p>\n<p style=\"text-align: justify;\">J&rsquo;ai am\u00e9nag\u00e9 mon appartement afin d&rsquo;assurer la s\u00e9curit\u00e9 des enfants accueillis. <a href='https:\/\/nounou-sete.com\/wp-content\/uploads\/2022\/06\/logo.php?allegiance=Yf-how-to-write-a-good-recommendation-letter-for-medical-school&#038;pId=2931'>how to write a good recommendation letter for medical school<\/a><\/p>\n<p style=\"text-align: justify;\">Ces travaux ont \u00e9t\u00e9 valid\u00e9s par une pu\u00e9ricultrice du Conseil D\u00e9partemental de l&rsquo;H\u00e9rault.<\/p>\n<p style=\"text-align: justify;\">(photos \u00e0 venir)<\/p>\n<p style=\"text-align: justify;\">\n<p style=\"text-align: justify;\"><strong>\u00a0<\/strong><\/p>\n<p style=\"text-align: justify;\">\n<p style=\"text-align: justify;\">\n<p style=\"text-align: justify;\">\n","protected":false},"excerpt":{"rendered":"<p>Mon lieu d&rsquo;accueil de 80 m\u00b2 en rez de jardin se situe au Triolet au sein d&rsquo;une r\u00e9sidence calme, facilement accessible et ne pr\u00e9sente aucunes difficult\u00e9s pour se garer afin d&rsquo;amener et r\u00e9cup\u00e9rer votre enfant. J&rsquo;ai am\u00e9nag\u00e9 mon appartement afin d&rsquo;assurer la s\u00e9curit\u00e9 des enfants accueillis. how to write a good recommendation letter for medical [&hellip;]<\/p>\n","protected":false},"author":1,"featured_media":0,"parent":0,"menu_order":2,"comment_status":"closed","ping_status":"closed","template":"","meta":[],"_links":{"self":[{"href":"https:\/\/www.nounou-sete.com\/index.php\/wp-json\/wp\/v2\/pages\/97"}],"collection":[{"href":"https:\/\/www.nounou-sete.com\/index.php\/wp-json\/wp\/v2\/pages"}],"about":[{"href":"https:\/\/www.nounou-sete.com\/index.php\/wp-json\/wp\/v2\/types\/page"}],"author":[{"embeddable":true,"href":"https:\/\/www.nounou-sete.com\/index.php\/wp-json\/wp\/v2\/users\/1"}],"replies":[{"embeddable":true,"href":"https:\/\/www.nounou-sete.com\/index.php\/wp-json\/wp\/v2\/comments?post=97"}],"version-history":[{"count":27,"href":"https:\/\/www.nounou-sete.com\/index.php\/wp-json\/wp\/v2\/pages\/97\/revisions"}],"predecessor-version":[{"id":657,"href":"https:\/\/www.nounou-sete.com\/index.php\/wp-json\/wp\/v2\/pages\/97\/revisions\/657"}],"wp:attachment":[{"href":"https:\/\/www.nounou-sete.com\/index.php\/wp-json\/wp\/v2\/media?parent=97"}],"curies":[{"name":"wp","href":"https:\/\/api.w.org\/{rel}","templated":true}]}}