{"id":87,"date":"2016-08-19T09:29:54","date_gmt":"2016-08-19T07:29:54","guid":{"rendered":"https:\/\/www.nounou-sete.com\/?page_id=87"},"modified":"2025-09-04T15:04:07","modified_gmt":"2025-09-04T13:04:07","slug":"mes-collaborateurs","status":"publish","type":"page","link":"https:\/\/www.nounou-sete.com\/index.php\/accueil\/mes-collaborateurs\/","title":{"rendered":"Mes Collaborateurs"},"content":{"rendered":"\n<p>Je travaille en collaboration avec plusieurs intervenants :<\/p>\n\n\n\n<ul><li><em><span style=\"text-decoration: underline;\">La Protection Maternelle et Infantile (PMI) <\/span><\/em><\/li><\/ul>\n\n\n\n<p>Evalue l&rsquo;agr\u00e9ment<\/p>\n\n\n\n<p>Le suivi des conditions d&rsquo;accueil<\/p>\n\n\n\n<p>R\u00e9alise des missions d&rsquo;aide, de soutien et de contr\u00f4le<\/p>\n\n\n\n<ul><li><span style=\"text-decoration: underline;\"><em>La Pu\u00e9ricultrice<\/em><\/span> effectue des t\u00e2ches confi\u00e9es par la PMI<\/li><\/ul>\n\n\n\n<ul><li><span style=\"text-decoration: underline;\"><em>L&rsquo;animatrice du Relais Assistante Maternelle (RAM)<\/em><\/span><\/li><\/ul>\n\n\n\n<p>Joue un r\u00f4le d&rsquo;information en organisant des r\u00e9unions aupr\u00e8s des Assistantes Maternelles mais aussi des parents<\/p>\n\n\n\n<p>A un r\u00f4le de m\u00e9diation, d&rsquo;orientation vers les diff\u00e9rents partenaires<\/p>\n\n\n\n<p>Organise des ateliers d&rsquo;\u00e9veil pour les enfants accueillis<\/p>\n","protected":false},"excerpt":{"rendered":"<p>Je travaille en collaboration avec plusieurs intervenants : La Protection Maternelle et Infantile (PMI) Evalue l&rsquo;agr\u00e9ment Le suivi des conditions d&rsquo;accueil R\u00e9alise des missions d&rsquo;aide, de soutien et de contr\u00f4le La Pu\u00e9ricultrice effectue des t\u00e2ches confi\u00e9es par la PMI L&rsquo;animatrice du Relais Assistante Maternelle (RAM) Joue un r\u00f4le d&rsquo;information en organisant des r\u00e9unions aupr\u00e8s des [&hellip;]<\/p>\n","protected":false},"author":1,"featured_media":0,"parent":80,"menu_order":2,"comment_status":"closed","ping_status":"closed","template":"","meta":[],"_links":{"self":[{"href":"https:\/\/www.nounou-sete.com\/index.php\/wp-json\/wp\/v2\/pages\/87"}],"collection":[{"href":"https:\/\/www.nounou-sete.com\/index.php\/wp-json\/wp\/v2\/pages"}],"about":[{"href":"https:\/\/www.nounou-sete.com\/index.php\/wp-json\/wp\/v2\/types\/page"}],"author":[{"embeddable":true,"href":"https:\/\/www.nounou-sete.com\/index.php\/wp-json\/wp\/v2\/users\/1"}],"replies":[{"embeddable":true,"href":"https:\/\/www.nounou-sete.com\/index.php\/wp-json\/wp\/v2\/comments?post=87"}],"version-history":[{"count":5,"href":"https:\/\/www.nounou-sete.com\/index.php\/wp-json\/wp\/v2\/pages\/87\/revisions"}],"predecessor-version":[{"id":670,"href":"https:\/\/www.nounou-sete.com\/index.php\/wp-json\/wp\/v2\/pages\/87\/revisions\/670"}],"up":[{"embeddable":true,"href":"https:\/\/www.nounou-sete.com\/index.php\/wp-json\/wp\/v2\/pages\/80"}],"wp:attachment":[{"href":"https:\/\/www.nounou-sete.com\/index.php\/wp-json\/wp\/v2\/media?parent=87"}],"curies":[{"name":"wp","href":"https:\/\/api.w.org\/{rel}","templated":true}]}}