{"id":80,"date":"2016-08-19T11:02:05","date_gmt":"2016-08-19T09:02:05","guid":{"rendered":"https:\/\/www.nounou-sete.com\/?page_id=80"},"modified":"2025-09-04T15:03:17","modified_gmt":"2025-09-04T13:03:17","slug":"accueil","status":"publish","type":"page","link":"https:\/\/www.nounou-sete.com\/","title":{"rendered":"Accueil"},"content":{"rendered":"\n<p>Vous souhaitez confier vos enfants \u00e0 une Assistante Maternelle s\u00e9rieuse, professionnelle, dynamique, douce, dipl\u00f4m\u00e9e du CAP Petite Enfance et form\u00e9e aux premiers secours.<\/p>\n\n\n\n<p>Je vous invite \u00e0 parcourir ce site afin de me d\u00e9couvrir.<\/p>\n","protected":false},"excerpt":{"rendered":"<p>Vous souhaitez confier vos enfants \u00e0 une Assistante Maternelle s\u00e9rieuse, professionnelle, dynamique, douce, dipl\u00f4m\u00e9e du CAP Petite Enfance et form\u00e9e aux premiers secours. Je vous invite \u00e0 parcourir ce site afin de me d\u00e9couvrir.<\/p>\n","protected":false},"author":1,"featured_media":0,"parent":0,"menu_order":0,"comment_status":"closed","ping_status":"closed","template":"","meta":[],"_links":{"self":[{"href":"https:\/\/www.nounou-sete.com\/index.php\/wp-json\/wp\/v2\/pages\/80"}],"collection":[{"href":"https:\/\/www.nounou-sete.com\/index.php\/wp-json\/wp\/v2\/pages"}],"about":[{"href":"https:\/\/www.nounou-sete.com\/index.php\/wp-json\/wp\/v2\/types\/page"}],"author":[{"embeddable":true,"href":"https:\/\/www.nounou-sete.com\/index.php\/wp-json\/wp\/v2\/users\/1"}],"replies":[{"embeddable":true,"href":"https:\/\/www.nounou-sete.com\/index.php\/wp-json\/wp\/v2\/comments?post=80"}],"version-history":[{"count":17,"href":"https:\/\/www.nounou-sete.com\/index.php\/wp-json\/wp\/v2\/pages\/80\/revisions"}],"predecessor-version":[{"id":668,"href":"https:\/\/www.nounou-sete.com\/index.php\/wp-json\/wp\/v2\/pages\/80\/revisions\/668"}],"wp:attachment":[{"href":"https:\/\/www.nounou-sete.com\/index.php\/wp-json\/wp\/v2\/media?parent=80"}],"curies":[{"name":"wp","href":"https:\/\/api.w.org\/{rel}","templated":true}]}}