{"id":74,"date":"2016-07-31T20:41:06","date_gmt":"2016-07-31T18:41:06","guid":{"rendered":"https:\/\/www.nounou-sete.com\/?page_id=74"},"modified":"2016-09-22T18:25:36","modified_gmt":"2016-09-22T16:25:36","slug":"les-repas","status":"publish","type":"page","link":"https:\/\/www.nounou-sete.com\/index.php\/laccueil-de-votre-enfant\/les-repas\/","title":{"rendered":"Les repas"},"content":{"rendered":"<p>Le repas est un \u00e9v\u00e9nement important de la journ\u00e9e.<br \/>\nPas que sur le plan nutritif, il permet\u00a0 \u00e0 l&rsquo;enfant de d\u00e9velopper ses sens (odorat, go\u00fbt, toucher).<br \/>\nC&rsquo;est un moment d&rsquo;\u00e9change et de convivialit\u00e9.<\/p>\n<p>Tous les enfants mangeront ensemble dans la mesure du possible suivant les \u00e2ges.<br \/>\nSi un enfant venait \u00e0 dormir lors des heures habituelles, son repas sera conserv\u00e9 et servi dans<br \/>\nde bonnes conditions d\u00e9s son r\u00e9veil.<br \/>\nJe ne force jamais un enfant \u00e0 manger &#8230; Mais \u00e7a ne veut pas dire ne pas insister un peu ..<\/p>\n<p>Quand ils sont encore b\u00e9b\u00e9s (entre 6 mois et 1 an environ), l&rsquo;aliment refus\u00e9 sera compens\u00e9.<br \/>\nPlus tard, l&rsquo;aliment n&rsquo;est plus substitu\u00e9 et l&rsquo;enfant est encourag\u00e9 \u00e0 go\u00fbter.<\/p>\n<p>Je fournis l&rsquo;eau min\u00e9rale \u00ab\u00a0Cristaline\u00a0\u00bb pour la pr\u00e9paration des biberons pour les plus petits mais<br \/>\naussi en journ\u00e9e ou lors des repas pour les plus grands.<\/p>\n<p>Cependant, si vous souhaitez utiliser une autre marque d&rsquo;eau min\u00e9rale, elle restera \u00e0 votre charge et<br \/>\nvous prie de bien vouloir m&rsquo;amener un pack d&rsquo;eau sur lequel je noterais le nom de l&rsquo;enfant.<\/p>\n<p>&nbsp;<\/p>\n","protected":false},"excerpt":{"rendered":"<p>Le repas est un \u00e9v\u00e9nement important de la journ\u00e9e. Pas que sur le plan nutritif, il permet\u00a0 \u00e0 l&rsquo;enfant de d\u00e9velopper ses sens (odorat, go\u00fbt, toucher). C&rsquo;est un moment d&rsquo;\u00e9change et de convivialit\u00e9. Tous les enfants mangeront ensemble dans la mesure du possible suivant les \u00e2ges. Si un enfant venait \u00e0 dormir lors des heures [&hellip;]<\/p>\n","protected":false},"author":1,"featured_media":0,"parent":63,"menu_order":1,"comment_status":"closed","ping_status":"closed","template":"","meta":[],"_links":{"self":[{"href":"https:\/\/www.nounou-sete.com\/index.php\/wp-json\/wp\/v2\/pages\/74"}],"collection":[{"href":"https:\/\/www.nounou-sete.com\/index.php\/wp-json\/wp\/v2\/pages"}],"about":[{"href":"https:\/\/www.nounou-sete.com\/index.php\/wp-json\/wp\/v2\/types\/page"}],"author":[{"embeddable":true,"href":"https:\/\/www.nounou-sete.com\/index.php\/wp-json\/wp\/v2\/users\/1"}],"replies":[{"embeddable":true,"href":"https:\/\/www.nounou-sete.com\/index.php\/wp-json\/wp\/v2\/comments?post=74"}],"version-history":[{"count":21,"href":"https:\/\/www.nounou-sete.com\/index.php\/wp-json\/wp\/v2\/pages\/74\/revisions"}],"predecessor-version":[{"id":239,"href":"https:\/\/www.nounou-sete.com\/index.php\/wp-json\/wp\/v2\/pages\/74\/revisions\/239"}],"up":[{"embeddable":true,"href":"https:\/\/www.nounou-sete.com\/index.php\/wp-json\/wp\/v2\/pages\/63"}],"wp:attachment":[{"href":"https:\/\/www.nounou-sete.com\/index.php\/wp-json\/wp\/v2\/media?parent=74"}],"curies":[{"name":"wp","href":"https:\/\/api.w.org\/{rel}","templated":true}]}}