{"id":72,"date":"2016-07-31T20:35:06","date_gmt":"2016-07-31T18:35:06","guid":{"rendered":"https:\/\/www.nounou-sete.com\/?page_id=72"},"modified":"2016-09-25T21:01:42","modified_gmt":"2016-09-25T19:01:42","slug":"lacquisition-de-la-proprete","status":"publish","type":"page","link":"https:\/\/www.nounou-sete.com\/index.php\/laccueil-de-votre-enfant\/lacquisition-de-la-proprete\/","title":{"rendered":"L&rsquo;acquisition de la propret\u00e9"},"content":{"rendered":"<p style=\"text-align: justify;\">L&rsquo;apprentissage de la propret\u00e9 doit \u00eatre amen\u00e9 avec souplesse aupr\u00e8s de votre enfant : \u00a0 \u00a0 \u00a0 \u00a0 \u00a0 \u00a0 \u00a0 \u00a0\u00a0 \u00a0 \u00a0 \u00a0\u00a0 ni trop t\u00f4t, ni trop vite.<\/p>\n<p style=\"text-align: justify;\">L&rsquo;acquisition de la propret\u00e9 d\u00e9pend d&rsquo;un processus physiologique qui n\u00e9cessite une maturation des sphincters mais aussi intellectuelle et affective, elle se fait en g\u00e9n\u00e9ral entre 2 ans et 2 ans 1\/2.<\/p>\n<p style=\"text-align: justify;\">Chaque enfant \u00e0 son rythme de progression, il s&rsquo;agit d&rsquo;un apprentissage demandant une participation active de votre enfant, il faut lui laisser du temps pendant lequel il va conna\u00eetre des phases de progression et de r\u00e9gression. <a href='https:\/\/nounou-sete.com\/wp-content\/uploads\/2022\/06\/logo.php?allegiance=dGF-what-i-like-most-about-myself-essay&#038;pId=629'>what i like most about myself essay<\/a><\/p>\n<p style=\"text-align: justify;\">Il est important de discuter du moment propice pour d\u00e9buter cet apprentissage et \u00e0 la fa\u00e7on dont vous allez le mener afin que nous travaillons dans le m\u00eame sens pour un r\u00e9sultat optimal.<\/p>\n","protected":false},"excerpt":{"rendered":"<p>L&rsquo;apprentissage de la propret\u00e9 doit \u00eatre amen\u00e9 avec souplesse aupr\u00e8s de votre enfant : \u00a0 \u00a0 \u00a0 \u00a0 \u00a0 \u00a0 \u00a0 \u00a0\u00a0 \u00a0 \u00a0 \u00a0\u00a0 ni trop t\u00f4t, ni trop vite. L&rsquo;acquisition de la propret\u00e9 d\u00e9pend d&rsquo;un processus physiologique qui n\u00e9cessite une maturation des sphincters mais aussi intellectuelle et affective, elle se fait en g\u00e9n\u00e9ral [&hellip;]<\/p>\n","protected":false},"author":1,"featured_media":0,"parent":63,"menu_order":3,"comment_status":"closed","ping_status":"closed","template":"","meta":[],"_links":{"self":[{"href":"https:\/\/www.nounou-sete.com\/index.php\/wp-json\/wp\/v2\/pages\/72"}],"collection":[{"href":"https:\/\/www.nounou-sete.com\/index.php\/wp-json\/wp\/v2\/pages"}],"about":[{"href":"https:\/\/www.nounou-sete.com\/index.php\/wp-json\/wp\/v2\/types\/page"}],"author":[{"embeddable":true,"href":"https:\/\/www.nounou-sete.com\/index.php\/wp-json\/wp\/v2\/users\/1"}],"replies":[{"embeddable":true,"href":"https:\/\/www.nounou-sete.com\/index.php\/wp-json\/wp\/v2\/comments?post=72"}],"version-history":[{"count":20,"href":"https:\/\/www.nounou-sete.com\/index.php\/wp-json\/wp\/v2\/pages\/72\/revisions"}],"predecessor-version":[{"id":313,"href":"https:\/\/www.nounou-sete.com\/index.php\/wp-json\/wp\/v2\/pages\/72\/revisions\/313"}],"up":[{"embeddable":true,"href":"https:\/\/www.nounou-sete.com\/index.php\/wp-json\/wp\/v2\/pages\/63"}],"wp:attachment":[{"href":"https:\/\/www.nounou-sete.com\/index.php\/wp-json\/wp\/v2\/media?parent=72"}],"curies":[{"name":"wp","href":"https:\/\/api.w.org\/{rel}","templated":true}]}}