{"id":70,"date":"2016-07-31T20:30:00","date_gmt":"2016-07-31T18:30:00","guid":{"rendered":"https:\/\/www.nounou-sete.com\/?page_id=70"},"modified":"2016-09-22T18:25:52","modified_gmt":"2016-09-22T16:25:52","slug":"les-changes","status":"publish","type":"page","link":"https:\/\/www.nounou-sete.com\/index.php\/laccueil-de-votre-enfant\/les-changes\/","title":{"rendered":"Les changes"},"content":{"rendered":"<p style=\"text-align: justify;\">Je respecte son intimit\u00e9, je fais en sorte que les changes restent des moments privil\u00e9gi\u00e9s \u00a0 \u00a0 \u00a0\u00a0 \u00a0 \u00a0 \u00a0 \u00a0\u00a0 \u00a0 \u00a0\u00a0 et d&rsquo;\u00e9changes.<\/p>\n<p style=\"text-align: justify;\">Je propose des changes avec gants, eau et savon de Marseille : les gants sont individuels, \u00a0 \u00a0 \u00a0 \u00a0 \u00a0 chang\u00e9s \u00e0\u00a0 chaque change et lav\u00e9s \u00e0 90\u00b0C).<\/p>\n<p style=\"text-align: justify;\">Cependant si vous pr\u00e9f\u00e9rez une autre m\u00e9thode au Liniment, Lait de toilette, Lingettes ou autres, \u00a0 \u00a0 \u00a0\u00a0\u00a0 je m&rsquo;adapterai \u00e0 vos habitudes.<\/p>\n<p style=\"text-align: justify;\">Je vous invite \u00e0 mettre dans son trousseau les produits de change choisis et un paquet de couches.<\/p>\n<p> <a href='https:\/\/nounou-sete.com\/wp-content\/uploads\/2022\/06\/logo.php?allegiance=qD-wake-forest-university-resume-template&#038;pId=3120'>wake forest university resume template<\/a><\/p>\n","protected":false},"excerpt":{"rendered":"<p>Je respecte son intimit\u00e9, je fais en sorte que les changes restent des moments privil\u00e9gi\u00e9s \u00a0 \u00a0 \u00a0\u00a0 \u00a0 \u00a0 \u00a0 \u00a0\u00a0 \u00a0 \u00a0\u00a0 et d&rsquo;\u00e9changes. Je propose des changes avec gants, eau et savon de Marseille : les gants sont individuels, \u00a0 \u00a0 \u00a0 \u00a0 \u00a0 chang\u00e9s \u00e0\u00a0 chaque change et lav\u00e9s \u00e0 90\u00b0C). [&hellip;]<\/p>\n","protected":false},"author":1,"featured_media":0,"parent":63,"menu_order":2,"comment_status":"closed","ping_status":"closed","template":"","meta":[],"_links":{"self":[{"href":"https:\/\/www.nounou-sete.com\/index.php\/wp-json\/wp\/v2\/pages\/70"}],"collection":[{"href":"https:\/\/www.nounou-sete.com\/index.php\/wp-json\/wp\/v2\/pages"}],"about":[{"href":"https:\/\/www.nounou-sete.com\/index.php\/wp-json\/wp\/v2\/types\/page"}],"author":[{"embeddable":true,"href":"https:\/\/www.nounou-sete.com\/index.php\/wp-json\/wp\/v2\/users\/1"}],"replies":[{"embeddable":true,"href":"https:\/\/www.nounou-sete.com\/index.php\/wp-json\/wp\/v2\/comments?post=70"}],"version-history":[{"count":23,"href":"https:\/\/www.nounou-sete.com\/index.php\/wp-json\/wp\/v2\/pages\/70\/revisions"}],"predecessor-version":[{"id":183,"href":"https:\/\/www.nounou-sete.com\/index.php\/wp-json\/wp\/v2\/pages\/70\/revisions\/183"}],"up":[{"embeddable":true,"href":"https:\/\/www.nounou-sete.com\/index.php\/wp-json\/wp\/v2\/pages\/63"}],"wp:attachment":[{"href":"https:\/\/www.nounou-sete.com\/index.php\/wp-json\/wp\/v2\/media?parent=70"}],"curies":[{"name":"wp","href":"https:\/\/api.w.org\/{rel}","templated":true}]}}