{"id":66,"date":"2016-07-31T20:20:08","date_gmt":"2016-07-31T18:20:08","guid":{"rendered":"https:\/\/www.nounou-sete.com\/?page_id=66"},"modified":"2016-09-22T18:25:17","modified_gmt":"2016-09-22T16:25:17","slug":"ladaptation","status":"publish","type":"page","link":"https:\/\/www.nounou-sete.com\/index.php\/laccueil-de-votre-enfant\/ladaptation\/","title":{"rendered":"L&rsquo;adaptation"},"content":{"rendered":"<p>La p\u00e9riode d&rsquo;adaptation est un moment important qui va beaucoup influencer le reste de la garde.<\/p>\n<p>Il ne faut surtout pas la n\u00e9gliger.<\/p>\n<p>&nbsp;<\/p>\n<p>On appelle \u00ab\u00a0p\u00e9riode d&rsquo;adaptation\u00a0\u00bb le moment de transition qui va consister \u00e0 ce que les parents confient \u00ab\u00a0en douceur\u00a0\u00bb l&rsquo;enfant \u00e0 l&rsquo;assistante maternelle, et \u00e0 ce que les 3 parties concern\u00e9es (l&rsquo;enfant, les parents et l&rsquo;assistante maternelle) apprennent \u00e0 se conna\u00eetre et s&rsquo;adaptent progressivement \u00e0 cette nouvelle relation.<\/p>\n<p>&nbsp;<\/p>\n<p>Il est important que b\u00e9b\u00e9 emporte un peu de vous, chez sa nounou, un doudou ou un objet dont l&rsquo;enfant \u00e0 l&rsquo;habitude chez lui.<\/p>\n<p>&nbsp;<\/p>\n<p>La p\u00e9riode d&rsquo;adaptation doit se faire obligatoirement sous contrat.<\/p>\n<p>En g\u00e9n\u00e9ral, elle se fait minimum sur 1 semaine ou 15 jours.<\/p>\n<p>&nbsp;<\/p>\n<p>Attention le planning d&rsquo;adaptation n&rsquo;est donn\u00e9 qu&rsquo;\u00e0 titre indicatif, il est possible de le modifier suivant les difficult\u00e9s que chacun \u00e9prouvera.<\/p>\n<p>&nbsp;<\/p>\n<p>1er jour : 30 mins avec maman et\/ou papa<\/p>\n<p>Prise de contact, \u00e9change sur les habitudes de l&rsquo;enfant<\/p>\n<p>&nbsp;<\/p>\n<p>2\u00e8me jour : 1h00<\/p>\n<p>30 mins avec maman et\/ou papa et 30 mins tout seul<\/p>\n<p>&nbsp;<\/p>\n<p>3\u00e8me jour : 1h30 tout seul<\/p>\n<p>Apr\u00e8s un gros c\u00e2lin et un bisou, le parent partira \u00ab\u00a0assez rapidement\u00a0\u00bb<\/p>\n<p>&nbsp;<\/p>\n<p>4\u00e8me jour : 2h00 tout seul avec un repas ou biberon<\/p>\n<p>5\u00e8me jour : 2h30 tout seul avec un repas ou biberon<\/p>\n<p>&nbsp;<\/p>\n<p>6\u00e8me\/7\u00e8me\/8\u00e8me jours : 4 h avec une sieste et repas ou biberons<\/p>\n<p>&nbsp;<\/p>\n<p>9\u00e8me\/10\u00e8me jours : 5h avec une sieste, repas ou biberons, promenades ou jeux<\/p>\n<p>&nbsp;<\/p>\n<p>11\u00e8me \/12\u00e8me jours et les suivants : journ\u00e9es enti\u00e8res<\/p>\n<p>&nbsp;<\/p>\n<p>( ou un tout petit peu avant si maman ou papa craque ! )<\/p>\n<p>&nbsp;<\/p>\n","protected":false},"excerpt":{"rendered":"<p>La p\u00e9riode d&rsquo;adaptation est un moment important qui va beaucoup influencer le reste de la garde. Il ne faut surtout pas la n\u00e9gliger. &nbsp; On appelle \u00ab\u00a0p\u00e9riode d&rsquo;adaptation\u00a0\u00bb le moment de transition qui va consister \u00e0 ce que les parents confient \u00ab\u00a0en douceur\u00a0\u00bb l&rsquo;enfant \u00e0 l&rsquo;assistante maternelle, et \u00e0 ce que les 3 parties concern\u00e9es [&hellip;]<\/p>\n","protected":false},"author":1,"featured_media":0,"parent":63,"menu_order":0,"comment_status":"closed","ping_status":"closed","template":"","meta":[],"_links":{"self":[{"href":"https:\/\/www.nounou-sete.com\/index.php\/wp-json\/wp\/v2\/pages\/66"}],"collection":[{"href":"https:\/\/www.nounou-sete.com\/index.php\/wp-json\/wp\/v2\/pages"}],"about":[{"href":"https:\/\/www.nounou-sete.com\/index.php\/wp-json\/wp\/v2\/types\/page"}],"author":[{"embeddable":true,"href":"https:\/\/www.nounou-sete.com\/index.php\/wp-json\/wp\/v2\/users\/1"}],"replies":[{"embeddable":true,"href":"https:\/\/www.nounou-sete.com\/index.php\/wp-json\/wp\/v2\/comments?post=66"}],"version-history":[{"count":2,"href":"https:\/\/www.nounou-sete.com\/index.php\/wp-json\/wp\/v2\/pages\/66\/revisions"}],"predecessor-version":[{"id":304,"href":"https:\/\/www.nounou-sete.com\/index.php\/wp-json\/wp\/v2\/pages\/66\/revisions\/304"}],"up":[{"embeddable":true,"href":"https:\/\/www.nounou-sete.com\/index.php\/wp-json\/wp\/v2\/pages\/63"}],"wp:attachment":[{"href":"https:\/\/www.nounou-sete.com\/index.php\/wp-json\/wp\/v2\/media?parent=66"}],"curies":[{"name":"wp","href":"https:\/\/api.w.org\/{rel}","templated":true}]}}