{"id":463,"date":"2019-07-28T08:38:26","date_gmt":"2019-07-28T06:38:26","guid":{"rendered":"https:\/\/www.nounou-sete.com\/?page_id=463"},"modified":"2019-07-28T08:57:15","modified_gmt":"2019-07-28T06:57:15","slug":"newsletters-setassmat","status":"publish","type":"page","link":"https:\/\/www.nounou-sete.com\/index.php\/newsletters-setassmat\/","title":{"rendered":"Newsletters SET&rsquo;ASSMAT"},"content":{"rendered":"<p>&nbsp;<\/p>\n<p>C&rsquo;est avec plaisir que les Assistantes Maternelles de la ville de S\u00e8te vous invitent \u00e0 d\u00e9couvrir\u00a0\u00a0\u00a0\u00a0 \u00a0 \u00a0 \u00a0 \u00a0\u00a0\u00a0\u00a0 les newsletters \u00e9labor\u00e9es en partenariat avec la Protection Maternelle Infantile (PMI) ainsi que \u00a0 \u00a0 \u00a0\u00a0 \u00a0 le Relais d&rsquo;Assistantes Maternelles (RAM).<\/p>\n<p>Elles ont pour objectif de vous informer sur la profession d&rsquo;Assistante Maternelle et de vous faire partager notre quotidien avec vos enfants.<\/p>\n<p>&nbsp;<\/p>\n<p>&nbsp;<\/p>\n","protected":false},"excerpt":{"rendered":"<p>&nbsp; C&rsquo;est avec plaisir que les Assistantes Maternelles de la ville de S\u00e8te vous invitent \u00e0 d\u00e9couvrir\u00a0\u00a0\u00a0\u00a0 \u00a0 \u00a0 \u00a0 \u00a0\u00a0\u00a0\u00a0 les newsletters \u00e9labor\u00e9es en partenariat avec la Protection Maternelle Infantile (PMI) ainsi que \u00a0 \u00a0 \u00a0\u00a0 \u00a0 le Relais d&rsquo;Assistantes Maternelles (RAM). Elles ont pour objectif de vous informer sur la profession d&rsquo;Assistante Maternelle [&hellip;]<\/p>\n","protected":false},"author":1,"featured_media":0,"parent":0,"menu_order":10,"comment_status":"closed","ping_status":"closed","template":"","meta":[],"_links":{"self":[{"href":"https:\/\/www.nounou-sete.com\/index.php\/wp-json\/wp\/v2\/pages\/463"}],"collection":[{"href":"https:\/\/www.nounou-sete.com\/index.php\/wp-json\/wp\/v2\/pages"}],"about":[{"href":"https:\/\/www.nounou-sete.com\/index.php\/wp-json\/wp\/v2\/types\/page"}],"author":[{"embeddable":true,"href":"https:\/\/www.nounou-sete.com\/index.php\/wp-json\/wp\/v2\/users\/1"}],"replies":[{"embeddable":true,"href":"https:\/\/www.nounou-sete.com\/index.php\/wp-json\/wp\/v2\/comments?post=463"}],"version-history":[{"count":3,"href":"https:\/\/www.nounou-sete.com\/index.php\/wp-json\/wp\/v2\/pages\/463\/revisions"}],"predecessor-version":[{"id":470,"href":"https:\/\/www.nounou-sete.com\/index.php\/wp-json\/wp\/v2\/pages\/463\/revisions\/470"}],"wp:attachment":[{"href":"https:\/\/www.nounou-sete.com\/index.php\/wp-json\/wp\/v2\/media?parent=463"}],"curies":[{"name":"wp","href":"https:\/\/api.w.org\/{rel}","templated":true}]}}