{"id":420,"date":"2018-06-16T12:04:14","date_gmt":"2018-06-16T10:04:14","guid":{"rendered":"https:\/\/www.nounou-sete.com\/?page_id=420"},"modified":"2021-11-04T14:35:16","modified_gmt":"2021-11-04T13:35:16","slug":"calendrier-ram-assistante-maternelle","status":"publish","type":"page","link":"https:\/\/www.nounou-sete.com\/index.php\/les-activites-sorties\/calendrier-ram-assistante-maternelle\/","title":{"rendered":"Calendrier RAM Assistante Maternelle"},"content":{"rendered":"<p>Je participe aussi le soir aux diverses soir\u00e9es organis\u00e9es par l&rsquo;\u00e9ducatrice de Jeunes Enfants du Relais d&rsquo;Assistantes Maternelles.<\/p>\n<p><span style=\"text-decoration: underline;\"><strong>Analyse des pratiques professionnelles<\/strong><\/span><\/p>\n<p>Une analyse des pratiques professionnelles est organis\u00e9e 2 fois par trimestre avec la psychologue de l&rsquo;Ecole des Parents et des Educateurs.<\/p>\n<p>&nbsp;<\/p>\n<p><span style=\"text-decoration: underline;\"><strong>Newsletter<\/strong> <\/span><\/p>\n<p>Un petit groupe d&rsquo;assistantes maternelles en collaboration avec la Protection Maternelle Infantile et l&rsquo;Educatrice de Jeunes Enfants du Relais d&rsquo;Assistantes Maternelles ont d\u00e9cid\u00e9 de mettre en place une newsletter qui para\u00eet tous les trimestres afin de faire conna\u00eetre notre m\u00e9tier et aborde des sujets li\u00e9s \u00e0 la Petite enfance.<\/p>\n<p>Vous trouverez ces newsletters sur ce site.<\/p>\n<p>Lundi soir 2 r\u00e9unions par trimestre<\/p>\n<p><span style=\"text-decoration: underline;\"><strong>Divers<\/strong><\/span><\/p>\n<p>Organisation des \u00e9v\u00e9nements comme exposition des peintures, Spectacle de No\u00ebl ou forum de la petite enfance&#8230;<\/p>\n","protected":false},"excerpt":{"rendered":"<p>Je participe aussi le soir aux diverses soir\u00e9es organis\u00e9es par l&rsquo;\u00e9ducatrice de Jeunes Enfants du Relais d&rsquo;Assistantes Maternelles. Analyse des pratiques professionnelles Une analyse des pratiques professionnelles est organis\u00e9e 2 fois par trimestre avec la psychologue de l&rsquo;Ecole des Parents et des Educateurs. &nbsp; Newsletter Un petit groupe d&rsquo;assistantes maternelles en collaboration avec la Protection [&hellip;]<\/p>\n","protected":false},"author":1,"featured_media":0,"parent":296,"menu_order":2,"comment_status":"closed","ping_status":"closed","template":"","meta":[],"_links":{"self":[{"href":"https:\/\/www.nounou-sete.com\/index.php\/wp-json\/wp\/v2\/pages\/420"}],"collection":[{"href":"https:\/\/www.nounou-sete.com\/index.php\/wp-json\/wp\/v2\/pages"}],"about":[{"href":"https:\/\/www.nounou-sete.com\/index.php\/wp-json\/wp\/v2\/types\/page"}],"author":[{"embeddable":true,"href":"https:\/\/www.nounou-sete.com\/index.php\/wp-json\/wp\/v2\/users\/1"}],"replies":[{"embeddable":true,"href":"https:\/\/www.nounou-sete.com\/index.php\/wp-json\/wp\/v2\/comments?post=420"}],"version-history":[{"count":3,"href":"https:\/\/www.nounou-sete.com\/index.php\/wp-json\/wp\/v2\/pages\/420\/revisions"}],"predecessor-version":[{"id":564,"href":"https:\/\/www.nounou-sete.com\/index.php\/wp-json\/wp\/v2\/pages\/420\/revisions\/564"}],"up":[{"embeddable":true,"href":"https:\/\/www.nounou-sete.com\/index.php\/wp-json\/wp\/v2\/pages\/296"}],"wp:attachment":[{"href":"https:\/\/www.nounou-sete.com\/index.php\/wp-json\/wp\/v2\/media?parent=420"}],"curies":[{"name":"wp","href":"https:\/\/api.w.org\/{rel}","templated":true}]}}