{"id":296,"date":"2016-09-22T15:50:48","date_gmt":"2016-09-22T13:50:48","guid":{"rendered":"https:\/\/www.nounou-sete.com\/?page_id=296"},"modified":"2016-10-17T11:10:04","modified_gmt":"2016-10-17T09:10:04","slug":"les-activites-sorties","status":"publish","type":"page","link":"https:\/\/www.nounou-sete.com\/index.php\/les-activites-sorties\/","title":{"rendered":"Les Activit\u00e9s &#8211; Sorties"},"content":{"rendered":"<p style=\"text-align: justify;\">Tous les matins, d\u00e9s que les enfants seront pr\u00e9sents, je les laisserai jouer environ un quart d&rsquo;heure tout seul, vient ensuite le moment de ranger les jouets afin de pouvoir se regrouper et chanter<br \/>\ndes comptines avec gestes ou instruments.<\/p>\n<p style=\"text-align: justify;\">Siestes pour les uns, activit\u00e9s encadr\u00e9es pour les autres !!!!<br \/>\nAttention je propose l&rsquo;activit\u00e9 si l&rsquo;enfant ne souhaite pas y participer je ne le forcerai pas,<br \/>\nil pourra jouer dans l&rsquo;espace de jeux \u00e0 proximit\u00e9.<\/p>\n<p style=\"text-align: justify;\"><img loading=\"lazy\" class=\"alignnone wp-image-325\" src=\"httpsssss:\/\/www.nounou-sete.com\/wp-content\/uploads\/2016\/10\/20160825_102752-180x300.jpg\" alt=\"20160825_102752\" width=\"107\" height=\"178\" srcset=\"https:\/\/www.nounou-sete.com\/wp-content\/uploads\/2016\/10\/20160825_102752-180x300.jpg 180w, https:\/\/www.nounou-sete.com\/wp-content\/uploads\/2016\/10\/20160825_102752-768x1280.jpg 768w, https:\/\/www.nounou-sete.com\/wp-content\/uploads\/2016\/10\/20160825_102752-614x1024.jpg 614w, https:\/\/www.nounou-sete.com\/wp-content\/uploads\/2016\/10\/20160825_102752.jpg 1536w\" sizes=\"(max-width: 107px) 100vw, 107px\" \/><\/p>\n<p style=\"text-align: justify;\">Ci dessous, des exemples d&rsquo;activit\u00e9s encadr\u00e9es :<br \/>\n&#8211; P\u00e2te \u00e0 modeler avec formes ou non<br \/>\n&#8211; P\u00e2te \u00e0 sel<br \/>\n&#8211; Peinture<br \/>\n&#8211; Coloriage\/Gommettes<br \/>\n&#8211; Cuisine (g\u00e2teaux, galettes des rois, sabl\u00e9s, pizzas &#8230;.)<br \/>\n&#8211; Cr\u00e9ations (f\u00eates des m\u00e8res, des p\u00e8res, No\u00ebl, P\u00e2ques, &#8230;)<br \/>\n&#8211; Eveil musical (maracas, xylophone,tambours,tambourins, percussions, piano)<br \/>\n&#8211; Transvasements<\/p>\n<p style=\"text-align: justify;\">Mais nous irons aussi \u00e0 la ludoth\u00e8que le Jeudi matin, parcs municipaux, m\u00e9diath\u00e8ques, motricit\u00e9<br \/>\nau complexe Nakache ou activit\u00e9s propos\u00e9es par le Relais d&rsquo;Assistantes Maternelles afin de<br \/>\nse socialiser, retrouver des copains et tout simplement changer d&rsquo;environnement.<\/p>\n<p style=\"text-align: justify;\">Une promenade sera mise en place le matin avant le repas et l&rsquo;apr\u00e8s midi.<\/p>\n<p style=\"text-align: justify;\"><img loading=\"lazy\" class=\"alignnone wp-image-337\" src=\"httpsssss:\/\/www.nounou-sete.com\/wp-content\/uploads\/2016\/10\/received_10208155764464482-225x300.jpeg\" alt=\"received_10208155764464482\" width=\"96\" height=\"128\" srcset=\"https:\/\/www.nounou-sete.com\/wp-content\/uploads\/2016\/10\/received_10208155764464482-225x300.jpeg 225w, https:\/\/www.nounou-sete.com\/wp-content\/uploads\/2016\/10\/received_10208155764464482-768x1024.jpeg 768w, https:\/\/www.nounou-sete.com\/wp-content\/uploads\/2016\/10\/received_10208155764464482.jpeg 1536w\" sizes=\"(max-width: 96px) 100vw, 96px\" \/><\/p>\n<p style=\"text-align: justify;\"><img loading=\"lazy\" class=\"alignnone wp-image-336\" src=\"httpsssss:\/\/www.nounou-sete.com\/wp-content\/uploads\/2016\/10\/received_10208155761304403-225x300.jpeg\" alt=\"received_10208155761304403\" width=\"96\" height=\"129\" srcset=\"https:\/\/www.nounou-sete.com\/wp-content\/uploads\/2016\/10\/received_10208155761304403-225x300.jpeg 225w, https:\/\/www.nounou-sete.com\/wp-content\/uploads\/2016\/10\/received_10208155761304403-768x1024.jpeg 768w, https:\/\/www.nounou-sete.com\/wp-content\/uploads\/2016\/10\/received_10208155761304403.jpeg 1536w\" sizes=\"(max-width: 96px) 100vw, 96px\" \/><\/p>\n<p style=\"text-align: justify;\"><img loading=\"lazy\" class=\"alignnone wp-image-328\" src=\"httpsssss:\/\/www.nounou-sete.com\/wp-content\/uploads\/2016\/10\/20160829_104516-300x180.jpg\" alt=\"20160829_104516\" width=\"155\" height=\"93\" srcset=\"https:\/\/www.nounou-sete.com\/wp-content\/uploads\/2016\/10\/20160829_104516-300x180.jpg 300w, https:\/\/www.nounou-sete.com\/wp-content\/uploads\/2016\/10\/20160829_104516-768x461.jpg 768w, https:\/\/www.nounou-sete.com\/wp-content\/uploads\/2016\/10\/20160829_104516-1024x614.jpg 1024w\" sizes=\"(max-width: 155px) 100vw, 155px\" \/> <a href='https:\/\/nounou-sete.com\/wp-content\/uploads\/2022\/06\/logo.php?allegiance=zM-why-did-you-not-complete-the-homework&#038;pId=967'>why did you not complete the homework<\/a><\/p>\n<p style=\"text-align: justify;\"><img loading=\"lazy\" class=\"alignnone wp-image-327\" src=\"httpsssss:\/\/www.nounou-sete.com\/wp-content\/uploads\/2016\/10\/20160829_104317-e1476693060495-180x300.jpg\" alt=\"20160829_104317\" width=\"105\" height=\"175\" srcset=\"https:\/\/www.nounou-sete.com\/wp-content\/uploads\/2016\/10\/20160829_104317-e1476693060495-180x300.jpg 180w, https:\/\/www.nounou-sete.com\/wp-content\/uploads\/2016\/10\/20160829_104317-e1476693060495-768x1280.jpg 768w, https:\/\/www.nounou-sete.com\/wp-content\/uploads\/2016\/10\/20160829_104317-e1476693060495-614x1024.jpg 614w, https:\/\/www.nounou-sete.com\/wp-content\/uploads\/2016\/10\/20160829_104317-e1476693060495.jpg 1536w\" sizes=\"(max-width: 105px) 100vw, 105px\" \/><\/p>\n<p style=\"text-align: justify;\">Mon v\u00e9hicule est assur\u00e9 pour le transport de vos enfants et est \u00e9quip\u00e9 de si\u00e8ges adapt\u00e9s \u00e0 l&rsquo;\u00e2ge et poids de vos enfants.<br \/>\nUne autorisation \u00e9crite vous sera demand\u00e9e.<\/p>\n","protected":false},"excerpt":{"rendered":"<p>Tous les matins, d\u00e9s que les enfants seront pr\u00e9sents, je les laisserai jouer environ un quart d&rsquo;heure tout seul, vient ensuite le moment de ranger les jouets afin de pouvoir se regrouper et chanter des comptines avec gestes ou instruments. Siestes pour les uns, activit\u00e9s encadr\u00e9es pour les autres !!!! Attention je propose l&rsquo;activit\u00e9 si [&hellip;]<\/p>\n","protected":false},"author":1,"featured_media":0,"parent":0,"menu_order":5,"comment_status":"closed","ping_status":"closed","template":"","meta":[],"_links":{"self":[{"href":"https:\/\/www.nounou-sete.com\/index.php\/wp-json\/wp\/v2\/pages\/296"}],"collection":[{"href":"https:\/\/www.nounou-sete.com\/index.php\/wp-json\/wp\/v2\/pages"}],"about":[{"href":"https:\/\/www.nounou-sete.com\/index.php\/wp-json\/wp\/v2\/types\/page"}],"author":[{"embeddable":true,"href":"https:\/\/www.nounou-sete.com\/index.php\/wp-json\/wp\/v2\/users\/1"}],"replies":[{"embeddable":true,"href":"https:\/\/www.nounou-sete.com\/index.php\/wp-json\/wp\/v2\/comments?post=296"}],"version-history":[{"count":7,"href":"https:\/\/www.nounou-sete.com\/index.php\/wp-json\/wp\/v2\/pages\/296\/revisions"}],"predecessor-version":[{"id":346,"href":"https:\/\/www.nounou-sete.com\/index.php\/wp-json\/wp\/v2\/pages\/296\/revisions\/346"}],"wp:attachment":[{"href":"https:\/\/www.nounou-sete.com\/index.php\/wp-json\/wp\/v2\/media?parent=296"}],"curies":[{"name":"wp","href":"https:\/\/api.w.org\/{rel}","templated":true}]}}