{"id":283,"date":"2016-09-22T15:35:25","date_gmt":"2016-09-22T13:35:25","guid":{"rendered":"https:\/\/www.nounou-sete.com\/?page_id=283"},"modified":"2016-10-17T10:41:59","modified_gmt":"2016-10-17T08:41:59","slug":"les-jeux","status":"publish","type":"page","link":"https:\/\/www.nounou-sete.com\/index.php\/les-jeux\/","title":{"rendered":"Les Jeux"},"content":{"rendered":"<p style=\"text-align: justify;\">Au cours des premi\u00e8res ann\u00e9es de leur vie, les enfants explorent ou jouent en faisant<br \/>\nles m\u00eames choses ou gestes encore et encore.<\/p>\n<p style=\"text-align: justify;\">Les b\u00e9b\u00e9s par exemple, vont saisir des blocs, les manipuler et les porter \u00e0 leur bouche.<br \/>\nLes tout-petits vont construire des tours avec leurs blocs simplement pour les faire tomber. <a href='https:\/\/nounou-sete.com\/wp-content\/uploads\/2022\/06\/logo.php?allegiance=KtT-outline-of-dissertation-chapters&#038;pId=1468'>outline of dissertation chapters<\/a><\/p>\n<p style=\"text-align: justify;\">Cet entra\u00eenement r\u00e9p\u00e9t\u00e9 leur permet d&rsquo;apprendre et de d\u00e9velopper leur confiance en eux.<br \/>\nLes enfants apprennent ce que sont les objets et ce qu&rsquo;ils peuvent en faire.<\/p>\n<p style=\"text-align: justify;\"><img loading=\"lazy\" class=\"wp-image-330 aligncenter\" src=\"httpsssss:\/\/www.nounou-sete.com\/wp-content\/uploads\/2016\/10\/20160914_164254-180x300.jpg\" alt=\"20160914_164254\" width=\"108\" height=\"180\" srcset=\"https:\/\/www.nounou-sete.com\/wp-content\/uploads\/2016\/10\/20160914_164254-180x300.jpg 180w, https:\/\/www.nounou-sete.com\/wp-content\/uploads\/2016\/10\/20160914_164254-768x1280.jpg 768w, https:\/\/www.nounou-sete.com\/wp-content\/uploads\/2016\/10\/20160914_164254-614x1024.jpg 614w, https:\/\/www.nounou-sete.com\/wp-content\/uploads\/2016\/10\/20160914_164254.jpg 1536w\" sizes=\"(max-width: 108px) 100vw, 108px\" \/><\/p>\n<p style=\"text-align: justify;\">\n<p style=\"text-align: justify;\">Ils commencent \u00e0 comprendre leur univers.<\/p>\n<p>Pour les tout-petits, le jeu est une fa\u00e7on naturelle d&rsquo;apprendre.<br \/>\nIl se rapproche de la mani\u00e8re dont nous apprenons dans la vie de tous les jours.<br \/>\nAu lieu d&rsquo;int\u00e9grer un concept \u00e0 la fois, comme on le fait en classe, les enfants doivent apprendre<br \/>\net utiliser plusieurs id\u00e9es et objets en m\u00eame temps.<\/p>\n<p>Jouer, c&rsquo;est aussi joindre l&rsquo;utile \u00e0 l&rsquo;agr\u00e9able.<br \/>\nLe jeu rend les enfants heureux ce qui facilite leur apprentissage et le rend m\u00eame plus efficace.<\/p>\n<p>Dans la salle de jeux et dans le salon les enfants pourront s&rsquo;adonner aux :<\/p>\n<p style=\"text-align: justify;\">&#8211; Aux jeux d&rsquo;imitations :<br \/>\ncuisine, b\u00e9b\u00e9, poussette, chariot de m\u00e9nage, d\u00e9guisements, mallette de docteur- Aux jeux symboliques (Animaux, voitures, playmobils 1er \u00e2ge)<br \/>\n&#8211; Jeux de construction (cubes en bois, l\u00e9go 1er \u00e2ge, rails et trains)<br \/>\n&#8211; Jeux d&rsquo;encastrements (puzzles, bo\u00eete \u00e0 forme, anneaux, l\u00e9go)<br \/>\n&#8211; Jeux de connaissances (lotos, m\u00e9mory)<br \/>\n&#8211; Jeux \u00e0 pousser et-ou \u00e0 tirer<br \/>\n&#8211; Tables d&rsquo;activit\u00e9s<br \/>\n&#8211; Cabane \u00e0 balles<\/p>\n<p style=\"text-align: justify;\">Pour les b\u00e9b\u00e9s, des coins sont am\u00e9nag\u00e9s avec tapis d&rsquo;\u00e9veil, mobiles, portiques, jeux adapt\u00e9s (hochets, livres en tissu, petites balles sensorielles &#8230;)<\/p>\n<p style=\"text-align: justify;\"><img loading=\"lazy\" class=\" wp-image-329 aligncenter\" src=\"httpsssss:\/\/www.nounou-sete.com\/wp-content\/uploads\/2016\/10\/20160906_093523-180x300.jpg\" alt=\"20160906_093523\" width=\"89\" height=\"148\" srcset=\"https:\/\/www.nounou-sete.com\/wp-content\/uploads\/2016\/10\/20160906_093523-180x300.jpg 180w, https:\/\/www.nounou-sete.com\/wp-content\/uploads\/2016\/10\/20160906_093523-768x1280.jpg 768w, https:\/\/www.nounou-sete.com\/wp-content\/uploads\/2016\/10\/20160906_093523-614x1024.jpg 614w, https:\/\/www.nounou-sete.com\/wp-content\/uploads\/2016\/10\/20160906_093523.jpg 1536w\" sizes=\"(max-width: 89px) 100vw, 89px\" \/><\/p>\n","protected":false},"excerpt":{"rendered":"<p>Au cours des premi\u00e8res ann\u00e9es de leur vie, les enfants explorent ou jouent en faisant les m\u00eames choses ou gestes encore et encore. Les b\u00e9b\u00e9s par exemple, vont saisir des blocs, les manipuler et les porter \u00e0 leur bouche. Les tout-petits vont construire des tours avec leurs blocs simplement pour les faire tomber. outline of [&hellip;]<\/p>\n","protected":false},"author":1,"featured_media":0,"parent":0,"menu_order":4,"comment_status":"closed","ping_status":"closed","template":"","meta":[],"_links":{"self":[{"href":"https:\/\/www.nounou-sete.com\/index.php\/wp-json\/wp\/v2\/pages\/283"}],"collection":[{"href":"https:\/\/www.nounou-sete.com\/index.php\/wp-json\/wp\/v2\/pages"}],"about":[{"href":"https:\/\/www.nounou-sete.com\/index.php\/wp-json\/wp\/v2\/types\/page"}],"author":[{"embeddable":true,"href":"https:\/\/www.nounou-sete.com\/index.php\/wp-json\/wp\/v2\/users\/1"}],"replies":[{"embeddable":true,"href":"https:\/\/www.nounou-sete.com\/index.php\/wp-json\/wp\/v2\/comments?post=283"}],"version-history":[{"count":13,"href":"https:\/\/www.nounou-sete.com\/index.php\/wp-json\/wp\/v2\/pages\/283\/revisions"}],"predecessor-version":[{"id":345,"href":"https:\/\/www.nounou-sete.com\/index.php\/wp-json\/wp\/v2\/pages\/283\/revisions\/345"}],"wp:attachment":[{"href":"https:\/\/www.nounou-sete.com\/index.php\/wp-json\/wp\/v2\/media?parent=283"}],"curies":[{"name":"wp","href":"https:\/\/api.w.org\/{rel}","templated":true}]}}