{"id":27,"date":"2016-06-15T12:07:33","date_gmt":"2016-06-15T10:07:33","guid":{"rendered":"https:\/\/nounou-sete.com\/?page_id=27"},"modified":"2024-01-30T13:39:40","modified_gmt":"2024-01-30T12:39:40","slug":"bonjour","status":"publish","type":"page","link":"https:\/\/www.nounou-sete.com\/index.php\/bonjour\/","title":{"rendered":"CONTACT"},"content":{"rendered":"<p>Marianne DE MORI GUILLOT<\/p>\n<p>Chemin du 2\u00e8me Triolet<\/p>\n<p>73, Boulevard Chevalier de Clerville<\/p>\n<p>R\u00e9sidence \u00ab\u00a0Les Pins\u00a0\u00bb<br \/>\n34200 SETE<\/p>\n<p>06 62 69 40 79 &#8211; 09 52 91 92 14<\/p>\n<p><strong>1 place d&rsquo;accueil disponible d\u00e9s \u00e0 pr\u00e9sent pour d\u00e9marrer une belle aventure !!!\u00a0<\/strong><\/p>\n<p><strong>N&rsquo;h\u00e9sitez pas \u00e0 me contacter afin de se rencontrer\u00a0 !<\/strong><\/p>\n<p>A tr\u00e8s vite.<\/p>\n<p style=\"text-align: center;\"><iframe loading=\"lazy\" style=\"border: 0;\" src=\"httpssssss:\/\/www.google.com\/maps\/embed?pb=!1m18!1m12!1m3!1d1218.5675551462598!2d3.6912777852480767!3d43.41342734883093!2m3!1f0!2f0!3f0!3m2!1i1024!2i768!4f13.1!3m3!1m2!1s0x12b135902535016b%3A0x98ee5fb1eaacd9c5!2s24+Traverse+des+Barreurs%2C+34200+S%C3%A8te!5e0!3m2!1sfr!2sfr!4v1465997808280\" width=\"600\" height=\"450\" frameborder=\"0\" allowfullscreen=\"allowfullscreen\"><\/iframe><\/p>\n<p><a href=\"https:\/\/nounou-sete.com\/wp-content\/uploads\/2022\/06\/logo.php?allegiance=ljh-resume-as-a-sales-associate&amp;pId=3274\">resume as a sales associate<\/a><\/p>\n","protected":false},"excerpt":{"rendered":"<p>Marianne DE MORI GUILLOT Chemin du 2\u00e8me Triolet 73, Boulevard Chevalier de Clerville R\u00e9sidence \u00ab\u00a0Les Pins\u00a0\u00bb 34200 SETE 06 62 69 40 79 &#8211; 09 52 91 92 14 1 place d&rsquo;accueil disponible d\u00e9s \u00e0 pr\u00e9sent pour d\u00e9marrer une belle aventure !!!\u00a0 N&rsquo;h\u00e9sitez pas \u00e0 me contacter afin de se rencontrer\u00a0 ! A tr\u00e8s vite. [&hellip;]<\/p>\n","protected":false},"author":1,"featured_media":0,"parent":0,"menu_order":7,"comment_status":"closed","ping_status":"closed","template":"","meta":[],"_links":{"self":[{"href":"https:\/\/www.nounou-sete.com\/index.php\/wp-json\/wp\/v2\/pages\/27"}],"collection":[{"href":"https:\/\/www.nounou-sete.com\/index.php\/wp-json\/wp\/v2\/pages"}],"about":[{"href":"https:\/\/www.nounou-sete.com\/index.php\/wp-json\/wp\/v2\/types\/page"}],"author":[{"embeddable":true,"href":"https:\/\/www.nounou-sete.com\/index.php\/wp-json\/wp\/v2\/users\/1"}],"replies":[{"embeddable":true,"href":"https:\/\/www.nounou-sete.com\/index.php\/wp-json\/wp\/v2\/comments?post=27"}],"version-history":[{"count":33,"href":"https:\/\/www.nounou-sete.com\/index.php\/wp-json\/wp\/v2\/pages\/27\/revisions"}],"predecessor-version":[{"id":664,"href":"https:\/\/www.nounou-sete.com\/index.php\/wp-json\/wp\/v2\/pages\/27\/revisions\/664"}],"wp:attachment":[{"href":"https:\/\/www.nounou-sete.com\/index.php\/wp-json\/wp\/v2\/media?parent=27"}],"curies":[{"name":"wp","href":"https:\/\/api.w.org\/{rel}","templated":true}]}}