{"id":259,"date":"2016-09-22T15:16:22","date_gmt":"2016-09-22T13:16:22","guid":{"rendered":"https:\/\/www.nounou-sete.com\/?page_id=259"},"modified":"2016-09-25T21:00:57","modified_gmt":"2016-09-25T19:00:57","slug":"les-siestes","status":"publish","type":"page","link":"https:\/\/www.nounou-sete.com\/index.php\/laccueil-de-votre-enfant\/les-siestes\/","title":{"rendered":"Les Siestes"},"content":{"rendered":"<p style=\"text-align: justify;\">Contrairement \u00e0 ce que l&rsquo;on pense parfois, respecter le rythme de sommeil d&rsquo;un enfant<br \/>\nn&rsquo;est pas de le coucher quand il le demande ou quand il s&rsquo;\u00e9croule de fatigue mais savoir<br \/>\nrep\u00e9rer les signes de fatigue particuliers de chaque enfant.<\/p>\n<p style=\"text-align: justify;\">Beaucoup d&rsquo;enfants luttent contre le sommeil, certains m\u00eame r\u00e9sistent d&rsquo;autant plus<br \/>\nqu&rsquo;ils sont fatigu\u00e9s.<\/p>\n<p style=\"text-align: justify;\">Le r\u00f4le de l&rsquo;adulte consiste non seulement \u00e0 rep\u00e9rer ces signes mais aussi \u00e0 les apprendre \u00e0 l&rsquo;enfant<br \/>\net \u00e0 lui enseigner comment apprivoiser son sommeil. M\u00eame si chaque enfant a son rythme propre, une connaissance des besoins de sommeil en fonction des \u00e2ges peut nous aider.<\/p>\n<p style=\"text-align: justify;\">Je respecte le rythme de l&rsquo;enfant, ses habitudes et le couche soit quand il est fatigu\u00e9,<br \/>\nsoit apr\u00e8s le repas du midi pour la sieste principale (13 heures en g\u00e9n\u00e9ral).<\/p>\n<p style=\"text-align: justify;\">Apr\u00e8s le repas nous nous installons au calme afin de faciliter la digestion et je leur raconterai<br \/>\ndes histoires ou \u00e9couterons de la musique douce.<\/p>\n<p style=\"text-align: justify;\">Le r\u00e9veil se fera de fa\u00e7on spontan\u00e9e. Si l&rsquo;enfant a \u00ab\u00a0peu dormi\u00a0\u00bb, j&rsquo;attends un moment pour voir<br \/>\ns&rsquo;il ne se rendort pas, certains enfants ont une p\u00e9riode de latence plus longue que les autres entre<br \/>\nles cycles de sommeil.<\/p>\n<p style=\"text-align: justify;\">Si \u00e0 16h, apr\u00e8s 3 heures de sieste, l&rsquo;enfant n&rsquo;est pas r\u00e9veill\u00e9, j&rsquo;encouragerai son r\u00e9veil en douceur<br \/>\nen ouvrant la porte, les volets, etc.<\/p>\n<p style=\"text-align: justify;\">Si la situation se reproduit souvent, nous discuterons avec les parents de la conduite \u00e0 tenir<br \/>\n(remettre une sieste le matin, sommeil nocturne &#8230;)<\/p>\n<p style=\"text-align: justify;\">Les enfants dorment sur des matelas fermes et adapt\u00e9s aux dimensions du lit.<br \/>\nSur le dos et sans oreillers ni couvertures pour les nourrissons. <a href='https:\/\/nounou-sete.com\/wp-content\/uploads\/2022\/06\/logo.php?allegiance=DKO-romeo-and-juliet-essay-titles&#038;pId=41'>romeo and juliet essay titles<\/a><\/p>\n","protected":false},"excerpt":{"rendered":"<p>Contrairement \u00e0 ce que l&rsquo;on pense parfois, respecter le rythme de sommeil d&rsquo;un enfant n&rsquo;est pas de le coucher quand il le demande ou quand il s&rsquo;\u00e9croule de fatigue mais savoir rep\u00e9rer les signes de fatigue particuliers de chaque enfant. Beaucoup d&rsquo;enfants luttent contre le sommeil, certains m\u00eame r\u00e9sistent d&rsquo;autant plus qu&rsquo;ils sont fatigu\u00e9s. Le [&hellip;]<\/p>\n","protected":false},"author":1,"featured_media":0,"parent":63,"menu_order":4,"comment_status":"closed","ping_status":"closed","template":"","meta":[],"_links":{"self":[{"href":"https:\/\/www.nounou-sete.com\/index.php\/wp-json\/wp\/v2\/pages\/259"}],"collection":[{"href":"https:\/\/www.nounou-sete.com\/index.php\/wp-json\/wp\/v2\/pages"}],"about":[{"href":"https:\/\/www.nounou-sete.com\/index.php\/wp-json\/wp\/v2\/types\/page"}],"author":[{"embeddable":true,"href":"https:\/\/www.nounou-sete.com\/index.php\/wp-json\/wp\/v2\/users\/1"}],"replies":[{"embeddable":true,"href":"https:\/\/www.nounou-sete.com\/index.php\/wp-json\/wp\/v2\/comments?post=259"}],"version-history":[{"count":24,"href":"https:\/\/www.nounou-sete.com\/index.php\/wp-json\/wp\/v2\/pages\/259\/revisions"}],"predecessor-version":[{"id":312,"href":"https:\/\/www.nounou-sete.com\/index.php\/wp-json\/wp\/v2\/pages\/259\/revisions\/312"}],"up":[{"embeddable":true,"href":"https:\/\/www.nounou-sete.com\/index.php\/wp-json\/wp\/v2\/pages\/63"}],"wp:attachment":[{"href":"https:\/\/www.nounou-sete.com\/index.php\/wp-json\/wp\/v2\/media?parent=259"}],"curies":[{"name":"wp","href":"https:\/\/api.w.org\/{rel}","templated":true}]}}