{"id":255,"date":"2016-09-22T15:00:09","date_gmt":"2016-09-22T13:00:09","guid":{"rendered":"https:\/\/www.nounou-sete.com\/?page_id=255"},"modified":"2016-09-22T15:01:03","modified_gmt":"2016-09-22T13:01:03","slug":"les-gouters","status":"publish","type":"page","link":"https:\/\/www.nounou-sete.com\/index.php\/laccueil-de-votre-enfant\/les-repas\/les-gouters\/","title":{"rendered":"Les go\u00fbters"},"content":{"rendered":"<p style=\"text-align: justify;\">La Collation de 9h sera une compote de fruits mais ne sera donn\u00e9e que dans des cas exceptionnels (r\u00e9veil et d\u00e9jeuner tr\u00e8s t\u00f4t de l&rsquo;enfant par exemple), le repas \u00e9tant servi entre 11h &#8211; 11h30.<\/p>\n<p style=\"text-align: justify;\">Le go\u00fbter de l&rsquo;apr\u00e8s-midi sera compos\u00e9 d&rsquo;un laitage, d&rsquo;une compote ou fruit frais de saison et compl\u00e9t\u00e9 d&rsquo;un petit g\u00e2teau.<\/p>\n<p style=\"text-align: justify;\">Si nous f\u00eatons un anniversaire ou suivant les p\u00e9riodes (\u00e9piphanie,chandeleur,p\u00e2ques,no\u00ebl &#8230;) \u00a0 \u00a0\u00a0 nous mangerons pour le go\u00fbter notre cr\u00e9ation culinaire accompagn\u00e9e d&rsquo;un jus de fruit.<br \/>\nJe pr\u00e9cise que si l&rsquo;enfant ne souhaite pas manger ces cr\u00e9ations, un go\u00fbter similaire aux autres jours lui sera donn\u00e9.<\/p>\n<p> <a href='https:\/\/nounou-sete.com\/wp-content\/uploads\/2022\/06\/logo.php?allegiance=AM-rainy-season-essay-for-class-4&#038;pId=2247'>rainy season essay for class 4<\/a><\/p>\n","protected":false},"excerpt":{"rendered":"<p>La Collation de 9h sera une compote de fruits mais ne sera donn\u00e9e que dans des cas exceptionnels (r\u00e9veil et d\u00e9jeuner tr\u00e8s t\u00f4t de l&rsquo;enfant par exemple), le repas \u00e9tant servi entre 11h &#8211; 11h30. Le go\u00fbter de l&rsquo;apr\u00e8s-midi sera compos\u00e9 d&rsquo;un laitage, d&rsquo;une compote ou fruit frais de saison et compl\u00e9t\u00e9 d&rsquo;un petit g\u00e2teau. [&hellip;]<\/p>\n","protected":false},"author":1,"featured_media":0,"parent":74,"menu_order":3,"comment_status":"closed","ping_status":"closed","template":"","meta":[],"_links":{"self":[{"href":"https:\/\/www.nounou-sete.com\/index.php\/wp-json\/wp\/v2\/pages\/255"}],"collection":[{"href":"https:\/\/www.nounou-sete.com\/index.php\/wp-json\/wp\/v2\/pages"}],"about":[{"href":"https:\/\/www.nounou-sete.com\/index.php\/wp-json\/wp\/v2\/types\/page"}],"author":[{"embeddable":true,"href":"https:\/\/www.nounou-sete.com\/index.php\/wp-json\/wp\/v2\/users\/1"}],"replies":[{"embeddable":true,"href":"https:\/\/www.nounou-sete.com\/index.php\/wp-json\/wp\/v2\/comments?post=255"}],"version-history":[{"count":3,"href":"https:\/\/www.nounou-sete.com\/index.php\/wp-json\/wp\/v2\/pages\/255\/revisions"}],"predecessor-version":[{"id":258,"href":"https:\/\/www.nounou-sete.com\/index.php\/wp-json\/wp\/v2\/pages\/255\/revisions\/258"}],"up":[{"embeddable":true,"href":"https:\/\/www.nounou-sete.com\/index.php\/wp-json\/wp\/v2\/pages\/74"}],"wp:attachment":[{"href":"https:\/\/www.nounou-sete.com\/index.php\/wp-json\/wp\/v2\/media?parent=255"}],"curies":[{"name":"wp","href":"https:\/\/api.w.org\/{rel}","templated":true}]}}