{"id":252,"date":"2016-09-22T14:53:59","date_gmt":"2016-09-22T12:53:59","guid":{"rendered":"https:\/\/www.nounou-sete.com\/?page_id=252"},"modified":"2016-09-22T14:53:59","modified_gmt":"2016-09-22T12:53:59","slug":"moyens-et-grands","status":"publish","type":"page","link":"https:\/\/www.nounou-sete.com\/index.php\/laccueil-de-votre-enfant\/les-repas\/moyens-et-grands\/","title":{"rendered":"Moyens et Grands"},"content":{"rendered":"<p>Tous les repas seront pr\u00e9par\u00e9s avant l&rsquo;arriv\u00e9e des enfants avec principalement des produits frais,<br \/>\nils seront vari\u00e9s, suivant le rythme des saisons et adapt\u00e9s quantitativement et nutritionnellement<br \/>\naux besoins de l&rsquo;enfant et suivant les \u00e2ges.<\/p>\n<p>La diversification alimentaire se fera d&rsquo;abord \u00e0 la maison (risques d&rsquo;allergies).<br \/>\nPour le passage des aliments en morceaux, il se fera d&rsquo;abord avec les parents dans un premier temps.<\/p>\n<p>Je propose la double cuill\u00e8re pour responsabiliser et faire participer l&rsquo;enfant \u00e0 ses repas.<\/p>\n","protected":false},"excerpt":{"rendered":"<p>Tous les repas seront pr\u00e9par\u00e9s avant l&rsquo;arriv\u00e9e des enfants avec principalement des produits frais, ils seront vari\u00e9s, suivant le rythme des saisons et adapt\u00e9s quantitativement et nutritionnellement aux besoins de l&rsquo;enfant et suivant les \u00e2ges. La diversification alimentaire se fera d&rsquo;abord \u00e0 la maison (risques d&rsquo;allergies). Pour le passage des aliments en morceaux, il se [&hellip;]<\/p>\n","protected":false},"author":1,"featured_media":0,"parent":74,"menu_order":2,"comment_status":"closed","ping_status":"closed","template":"","meta":[],"_links":{"self":[{"href":"https:\/\/www.nounou-sete.com\/index.php\/wp-json\/wp\/v2\/pages\/252"}],"collection":[{"href":"https:\/\/www.nounou-sete.com\/index.php\/wp-json\/wp\/v2\/pages"}],"about":[{"href":"https:\/\/www.nounou-sete.com\/index.php\/wp-json\/wp\/v2\/types\/page"}],"author":[{"embeddable":true,"href":"https:\/\/www.nounou-sete.com\/index.php\/wp-json\/wp\/v2\/users\/1"}],"replies":[{"embeddable":true,"href":"https:\/\/www.nounou-sete.com\/index.php\/wp-json\/wp\/v2\/comments?post=252"}],"version-history":[{"count":2,"href":"https:\/\/www.nounou-sete.com\/index.php\/wp-json\/wp\/v2\/pages\/252\/revisions"}],"predecessor-version":[{"id":254,"href":"https:\/\/www.nounou-sete.com\/index.php\/wp-json\/wp\/v2\/pages\/252\/revisions\/254"}],"up":[{"embeddable":true,"href":"https:\/\/www.nounou-sete.com\/index.php\/wp-json\/wp\/v2\/pages\/74"}],"wp:attachment":[{"href":"https:\/\/www.nounou-sete.com\/index.php\/wp-json\/wp\/v2\/media?parent=252"}],"curies":[{"name":"wp","href":"https:\/\/api.w.org\/{rel}","templated":true}]}}