{"id":2,"date":"2016-06-14T15:04:42","date_gmt":"2016-06-14T13:04:42","guid":{"rendered":"https:\/\/nounou-sete.com\/?page_id=2"},"modified":"2025-09-04T15:17:22","modified_gmt":"2025-09-04T13:17:22","slug":"page-d-exemple","status":"publish","type":"page","link":"https:\/\/www.nounou-sete.com\/index.php\/page-d-exemple\/","title":{"rendered":"Pr\u00e9sentation de notre foyer"},"content":{"rendered":"<p><img loading=\"lazy\" class=\"alignnone size-medium wp-image-557\" src=\"https:\/\/www.nounou-sete.com\/wp-content\/uploads\/2016\/06\/IMG-20210728-WA0004-1-300x225.jpg\" alt=\"IMG-20210728-WA0004 (1)\" width=\"300\" height=\"225\" srcset=\"https:\/\/www.nounou-sete.com\/wp-content\/uploads\/2016\/06\/IMG-20210728-WA0004-1-300x225.jpg 300w, https:\/\/www.nounou-sete.com\/wp-content\/uploads\/2016\/06\/IMG-20210728-WA0004-1-768x576.jpg 768w, https:\/\/www.nounou-sete.com\/wp-content\/uploads\/2016\/06\/IMG-20210728-WA0004-1-1024x768.jpg 1024w, https:\/\/www.nounou-sete.com\/wp-content\/uploads\/2016\/06\/IMG-20210728-WA0004-1.jpg 1296w\" sizes=\"(max-width: 300px) 100vw, 300px\" \/><\/p>\n<p style=\"text-align: justify;\">Bonjour,\u00a0 \u00a0 \u00a0 \u00a0 \u00a0 \u00a0 \u00a0 \u00a0 \u00a0 \u00a0 \u00a0 \u00a0 \u00a0 \u00a0 \u00a0 \u00a0 \u00a0 \u00a0 \u00a0 \u00a0 \u00a0 \u00a0 \u00a0 \u00a0 \u00a0 \u00a0 \u00a0 \u00a0 \u00a0 \u00a0 \u00a0 \u00a0 \u00a0 \u00a0 \u00a0 \u00a0 \u00a0 \u00a0 \u00a0 \u00a0 \u00a0 \u00a0 \u00a0 \u00a0 \u00a0 \u00a0 \u00a0 \u00a0 \u00a0 \u00a0 \u00a0 \u00a0 \u00a0 \u00a0 \u00a0 \u00a0 \u00a0 \u00a0 \u00a0 \u00a0 \u00a0 \u00a0 \u00a0 \u00a0 \u00a0 \u00a0 \u00a0 \u00a0 \u00a0 \u00a0 \u00a0 \u00a0 \u00a0 \u00a0 \u00a0 \u00a0 \u00a0 \u00a0 \u00a0<span style=\"font-family: Tahoma,sans-serif;\">Marianne Guillot, 44 ans, Assistante Maternelle Agr\u00e9\u00e9e par le Conseil D\u00e9partemental de l&rsquo;H\u00e9rault depuis 2016.<br \/>\n<\/span><\/p>\n<p style=\"text-align: justify;\"><span style=\"font-family: Tahoma,sans-serif;\">Titulaire d&rsquo;un Bac +2, j&rsquo;ai occup\u00e9 durant 10 ans un pos<\/span><span style=\"font-family: Tahoma,sans-serif;\">te d&rsquo;Assistante Comptable.<\/span><\/p>\n<p style=\"text-align: justify;\"><span style=\"font-family: Tahoma,sans-serif;\">J&rsquo;ai toujours aim\u00e9 le contact avec les enfants et une en<\/span><span style=\"font-family: Tahoma,sans-serif;\">vie de travailler dans les m\u00e9tiers relatifs \u00e0 la\u00a0 \u00a0 \u00a0 \u00a0 \u00a0 Petite Enfance \u00e9tait pr\u00e9sente mais le rythme de la vie active faisait que je ne pouvais m\u00fbrir ce projet.<\/span><\/p>\n<p style=\"text-align: justify;\"><span style=\"font-family: Tahoma,sans-serif;\">A la naissance de mon premier enfant, j&rsquo;ai pu profiter d<\/span><span style=\"font-family: Tahoma,sans-serif;\">&lsquo;un cong\u00e9 parental d&rsquo;\u00e9ducation, cette p\u00e9riode a \u00e9t\u00e9 pour moi d\u00e9cisive et propice \u00e0 la r\u00e9flexion. <\/span><\/p>\n<p style=\"text-align: justify;\"><span style=\"font-family: Tahoma,sans-serif;\">Ma volont\u00e9 de me r\u00e9orienter professionnellement \u00e9tait<\/span><span style=\"font-family: Tahoma,sans-serif;\"> act\u00e9e.<\/span> <span style=\"font-family: Tahoma,sans-serif;\">J&rsquo;ai donc d\u00e9missionn\u00e9 de mon poste afin de pouvoir effectuer les stages obligatoires et passer mon CAP Petite Enfance, obtenu en Juin 2011.<\/span><\/p>\n<p style=\"text-align: justify;\"><span style=\"font-family: Tahoma,sans-serif;\">Je souhaite mettre mes exp\u00e9riences de professionnelle et de maman au service des familles au sein de\u00a0 mon foyer dans lequel je pourrai cr\u00e9er un lien particulier avec les enfants, les aider \u00e0 grandir, \u00e0 \u00e9voluer et soulager les parents en leur apportant une solution de garde familiale.<\/span> <a href=\"https:\/\/nounou-sete.com\/wp-content\/uploads\/2022\/06\/logo.php?allegiance=fo-5-paragraph-article&amp;pId=484\">5 paragraph article<\/a><\/p>\n<p style=\"text-align: justify;\">Mes deux enfants Cl\u00e9a 15 ans et No\u00e9 10 ans partagent ma vie.<\/p>\n","protected":false},"excerpt":{"rendered":"<p>Bonjour,\u00a0 \u00a0 \u00a0 \u00a0 \u00a0 \u00a0 \u00a0 \u00a0 \u00a0 \u00a0 \u00a0 \u00a0 \u00a0 \u00a0 \u00a0 \u00a0 \u00a0 \u00a0 \u00a0 \u00a0 \u00a0 \u00a0 \u00a0 \u00a0 \u00a0 \u00a0 \u00a0 \u00a0 \u00a0 \u00a0 \u00a0 \u00a0 \u00a0 \u00a0 \u00a0 \u00a0 \u00a0 \u00a0 \u00a0 \u00a0 \u00a0 \u00a0 \u00a0 \u00a0 \u00a0 \u00a0 \u00a0 \u00a0 \u00a0 \u00a0 \u00a0 \u00a0 \u00a0 \u00a0 \u00a0 [&hellip;]<\/p>\n","protected":false},"author":1,"featured_media":0,"parent":0,"menu_order":1,"comment_status":"closed","ping_status":"open","template":"","meta":[],"_links":{"self":[{"href":"https:\/\/www.nounou-sete.com\/index.php\/wp-json\/wp\/v2\/pages\/2"}],"collection":[{"href":"https:\/\/www.nounou-sete.com\/index.php\/wp-json\/wp\/v2\/pages"}],"about":[{"href":"https:\/\/www.nounou-sete.com\/index.php\/wp-json\/wp\/v2\/types\/page"}],"author":[{"embeddable":true,"href":"https:\/\/www.nounou-sete.com\/index.php\/wp-json\/wp\/v2\/users\/1"}],"replies":[{"embeddable":true,"href":"https:\/\/www.nounou-sete.com\/index.php\/wp-json\/wp\/v2\/comments?post=2"}],"version-history":[{"count":81,"href":"https:\/\/www.nounou-sete.com\/index.php\/wp-json\/wp\/v2\/pages\/2\/revisions"}],"predecessor-version":[{"id":672,"href":"https:\/\/www.nounou-sete.com\/index.php\/wp-json\/wp\/v2\/pages\/2\/revisions\/672"}],"wp:attachment":[{"href":"https:\/\/www.nounou-sete.com\/index.php\/wp-json\/wp\/v2\/media?parent=2"}],"curies":[{"name":"wp","href":"https:\/\/api.w.org\/{rel}","templated":true}]}}